{"id":99,"date":"2022-11-18T21:39:46","date_gmt":"2022-11-18T21:39:46","guid":{"rendered":"https:\/\/royalpurpleguatemala.com\/?post_type=product&#038;p=99"},"modified":"2026-01-22T20:07:11","modified_gmt":"2026-01-23T02:07:11","slug":"royal_purple_rqt_max_gear_75w-90_01300","status":"publish","type":"product","link":"https:\/\/royalpurpleguatemala.com\/index.php\/producto\/royal_purple_rqt_max_gear_75w-90_01300\/","title":{"rendered":"Max Gear 75W90 Synthetic Gear Oil"},"content":{"rendered":"<h4>ACEITE PARA ENGRANAJES DE ALTO RENDIMIENTO (CON SYNERLEC\u00ae)<\/h4>\n<p><strong>Max Gear se recomienda para diferenciales de camiones y autom\u00f3viles, unidades inferiores de motores fuera de borda o en ejes traseros o transmisiones manuales que requieran un fluido API.\u00a0<\/strong>Max Gear es un aceite para engranajes automotrices de alto rendimiento dise\u00f1ado para proporcionar la m\u00e1xima protecci\u00f3n a los engranajes muy cargados al mismo tiempo que aumenta el rendimiento de potencia a trav\u00e9s del tren de transmisi\u00f3n.\u00a0Max Gear pr\u00e1cticamente elimina el desgaste de engranajes y cojinetes, incluso en condiciones severas de pel\u00edcula comprimida causadas por cargas extremadamente altas, cargas de choque repentinas o RPM bajas.\u00a0Las mol\u00e9culas sint\u00e9ticas y resbaladizas no solo reducen el desgaste y la fricci\u00f3n, sino que tambi\u00e9n aumentan significativamente la fluidez y la lubricidad en climas fr\u00edos de Max Gear, lo que lo convierte en la opci\u00f3n ideal para veh\u00edculos que operan en climas fr\u00edos.\u00a0Los engranajes funcionan de manera m\u00e1s suave, m\u00e1s silenciosa, m\u00e1s fr\u00eda y m\u00e1s larga sin revisiones.\u00a0No es corrosivo para los metales ferrosos y no ferrosos.<\/p>\n<h4>VENTAJAS DE RENDIMIENTO<\/h4>\n<ul>\n<li>Maximiza la potencia<\/li>\n<li>Prolonga la vida \u00fatil de engranajes y rodamientos.<\/li>\n<li>Reduce la temperatura de funcionamiento<\/li>\n<li>Coeficiente de fricci\u00f3n m\u00e1s bajo<\/li>\n<li>Protecci\u00f3n superior contra la corrosi\u00f3n<\/li>\n<li>Se separa r\u00e1pidamente del agua.<\/li>\n<li>Para usar con diferencial abierto, de deslizamiento limitado y con bloqueo<\/li>\n<li>Contiene modificador de fricci\u00f3n de deslizamiento limitado<\/li>\n<\/ul>\n","protected":false},"excerpt":{"rendered":"<p>ACEITE PARA ENGRANAJES DE ALTO RENDIMIENTO (CON SYNERLEC\u00ae) Max Gear se recomienda para diferenciales de camiones y autom\u00f3viles, unidades inferiores de motores fuera de borda o en ejes traseros o transmisiones manuales que requieran un fluido API.\u00a0Max Gear es un aceite para engranajes automotrices de alto rendimiento dise\u00f1ado para proporcionar la m\u00e1xima protecci\u00f3n a los [&hellip;]<\/p>\n","protected":false},"featured_media":106,"comment_status":"open","ping_status":"closed","template":"","meta":[],"product_brand":[],"product_cat":[23,26,25,24],"product_tag":[],"class_list":{"0":"post-99","1":"product","2":"type-product","3":"status-publish","4":"has-post-thumbnail","6":"product_cat-consumo","7":"product_cat-industrial","8":"product_cat-lubricantes-para-engranajes","9":"product_cat-transmision","11":"first","12":"instock","13":"sale","14":"shipping-taxable","15":"purchasable","16":"product-type-simple"},"_links":{"self":[{"href":"https:\/\/royalpurpleguatemala.com\/index.php\/wp-json\/wp\/v2\/product\/99","targetHints":{"allow":["GET"]}}],"collection":[{"href":"https:\/\/royalpurpleguatemala.com\/index.php\/wp-json\/wp\/v2\/product"}],"about":[{"href":"https:\/\/royalpurpleguatemala.com\/index.php\/wp-json\/wp\/v2\/types\/product"}],"replies":[{"embeddable":true,"href":"https:\/\/royalpurpleguatemala.com\/index.php\/wp-json\/wp\/v2\/comments?post=99"}],"wp:featuredmedia":[{"embeddable":true,"href":"https:\/\/royalpurpleguatemala.com\/index.php\/wp-json\/wp\/v2\/media\/106"}],"wp:attachment":[{"href":"https:\/\/royalpurpleguatemala.com\/index.php\/wp-json\/wp\/v2\/media?parent=99"}],"wp:term":[{"taxonomy":"product_brand","embeddable":true,"href":"https:\/\/royalpurpleguatemala.com\/index.php\/wp-json\/wp\/v2\/product_brand?post=99"},{"taxonomy":"product_cat","embeddable":true,"href":"https:\/\/royalpurpleguatemala.com\/index.php\/wp-json\/wp\/v2\/product_cat?post=99"},{"taxonomy":"product_tag","embeddable":true,"href":"https:\/\/royalpurpleguatemala.com\/index.php\/wp-json\/wp\/v2\/product_tag?post=99"}],"curies":[{"name":"wp","href":"https:\/\/api.w.org\/{rel}","templated":true}]}}