{"id":169,"date":"2023-04-18T02:53:27","date_gmt":"2023-04-18T02:53:27","guid":{"rendered":"https:\/\/royalpurpleguatemala.com\/?post_type=product&#038;p=169"},"modified":"2025-12-01T07:06:55","modified_gmt":"2025-12-01T13:06:55","slug":"sae-5w-40-sn-motor-oil","status":"publish","type":"product","link":"https:\/\/royalpurpleguatemala.com\/index.php\/producto\/sae-5w-40-sn-motor-oil\/","title":{"rendered":"SAE 5W40 SN Motor High Performance Motor Oil European Formula"},"content":{"rendered":"<p>F\u00f3rmula europea de aceite de motor sint\u00e9tico premium de alto rendimiento.<\/p>\n<p>Royal Purple\u00ae High Performance Motor Oil Formulaci\u00f3n europea SAE 5W-40 est\u00e1n formulados exclusivamente con aceites base sint\u00e9ticos de primera calidad y tecnolog\u00eda avanzada de aditivos para brindar una protecci\u00f3n confiable del motor y un rendimiento m\u00e1ximo del veh\u00edculo. Los aceites de motor Royal Purple European Formulation brindan una excelente resistencia a los dep\u00f3sitos de lodos y barnices durante la conducci\u00f3n intermitente y otras condiciones de operaci\u00f3n severas. Recomendado para su uso en motores de gasolina\/gasolina de turismos europeos y motores di\u00e9sel de servicio ligero, incluidos los motores di\u00e9sel turbocargados y de inyecci\u00f3n directa con filtro de part\u00edculas di\u00e9sel (DPF) y catalizadores selectivos. La f\u00f3rmula sint\u00e9tica premium ofrece una excelente estabilidad a la oxidaci\u00f3n y propiedades de baja volatilidad, lo que da como resultado un menor consumo de aceite entre servicios.<\/p>\n<p>VENTAJAS DE RENDIMIENTO<\/p>\n<p>MEJOR PROTECCI\u00d3N CONTRA EL DESGASTE: protege los componentes del motor contra el desgaste m\u00e1s all\u00e1 de los requisitos de API SP y ACEA A3\/B4<br \/>\nMAYOR EFICIENCIA DE COMBUSTIBLE: un bajo coeficiente de fricci\u00f3n da como resultado una eficiencia de combustible optimizada<br \/>\nRENDIMIENTO SUPERIOR A BAJA TEMPERATURA: el flujo a baja temperatura garantiza la lubricaci\u00f3n y la protecci\u00f3n para arranques en fr\u00edo<br \/>\nPROTECCI\u00d3N SUPERIOR CONTRA LA CORROSI\u00d3N: no se observ\u00f3 oxidaci\u00f3n en las pruebas est\u00e1ndar de la industria<br \/>\nEXCELENTE ESTABILIDAD A LA OXIDACI\u00d3N \u2013 Larga vida \u00fatil del lubricante; cumple o supera los intervalos de cambio de aceite para la mayor\u00eda de los turismos Euro<\/p>\n","protected":false},"excerpt":{"rendered":"<p>F\u00f3rmula europea de aceite de motor sint\u00e9tico premium de alto rendimiento. Royal Purple\u00ae High Performance Motor Oil Formulaci\u00f3n europea SAE 5W-40 est\u00e1n formulados exclusivamente con aceites base sint\u00e9ticos de primera calidad y tecnolog\u00eda avanzada de aditivos para brindar una protecci\u00f3n confiable del motor y un rendimiento m\u00e1ximo del veh\u00edculo. Los aceites de motor Royal Purple [&hellip;]<\/p>\n","protected":false},"featured_media":173,"comment_status":"open","ping_status":"closed","template":"","meta":[],"product_brand":[],"product_cat":[31,29,23],"product_tag":[],"class_list":{"0":"post-169","1":"product","2":"type-product","3":"status-publish","4":"has-post-thumbnail","6":"product_cat-aceites-de-motor-comerciales","7":"product_cat-comercial","8":"product_cat-consumo","10":"first","11":"instock","12":"shipping-taxable","13":"purchasable","14":"product-type-simple"},"_links":{"self":[{"href":"https:\/\/royalpurpleguatemala.com\/index.php\/wp-json\/wp\/v2\/product\/169","targetHints":{"allow":["GET"]}}],"collection":[{"href":"https:\/\/royalpurpleguatemala.com\/index.php\/wp-json\/wp\/v2\/product"}],"about":[{"href":"https:\/\/royalpurpleguatemala.com\/index.php\/wp-json\/wp\/v2\/types\/product"}],"replies":[{"embeddable":true,"href":"https:\/\/royalpurpleguatemala.com\/index.php\/wp-json\/wp\/v2\/comments?post=169"}],"wp:featuredmedia":[{"embeddable":true,"href":"https:\/\/royalpurpleguatemala.com\/index.php\/wp-json\/wp\/v2\/media\/173"}],"wp:attachment":[{"href":"https:\/\/royalpurpleguatemala.com\/index.php\/wp-json\/wp\/v2\/media?parent=169"}],"wp:term":[{"taxonomy":"product_brand","embeddable":true,"href":"https:\/\/royalpurpleguatemala.com\/index.php\/wp-json\/wp\/v2\/product_brand?post=169"},{"taxonomy":"product_cat","embeddable":true,"href":"https:\/\/royalpurpleguatemala.com\/index.php\/wp-json\/wp\/v2\/product_cat?post=169"},{"taxonomy":"product_tag","embeddable":true,"href":"https:\/\/royalpurpleguatemala.com\/index.php\/wp-json\/wp\/v2\/product_tag?post=169"}],"curies":[{"name":"wp","href":"https:\/\/api.w.org\/{rel}","templated":true}]}}