{"id":158,"date":"2023-04-18T02:32:25","date_gmt":"2023-04-18T02:32:25","guid":{"rendered":"https:\/\/royalpurpleguatemala.com\/?post_type=product&#038;p=158"},"modified":"2025-12-01T07:06:55","modified_gmt":"2025-12-01T13:06:55","slug":"sae-5w-30-high-performance-synthetic-motor-oil-5qt","status":"publish","type":"product","link":"https:\/\/royalpurpleguatemala.com\/index.php\/producto\/sae-5w-30-high-performance-synthetic-motor-oil-5qt\/","title":{"rendered":"SAE 5W30 High Performance Synthetic Motor Oil \/ 5QT"},"content":{"rendered":"<p>El aceite de motor sint\u00e9tico de alto rendimiento Royal Purple 5W-30 es un aceite de motor SAE de servicio pesado con licencia API. Nuestro aceite combina aceites base premium con tecnolog\u00eda de aditivos patentada para crear un aceite de motor de alto rendimiento. Como resultado, optimiza el rendimiento del motor y proporciona una protecci\u00f3n superior. Royal Purple es uno de los pocos aceites de motor sint\u00e9ticos premium com\u00fanmente disponibles que brindan las ventajas inherentes enumeradas anteriormente, pero los aceites sint\u00e9ticos Royal Purple van m\u00e1s all\u00e1. Debido a la avanzada tecnolog\u00eda patentada de aditivos Synerlec\u00ae, los aceites sint\u00e9ticos Royal Purple superan a cualquier otro lubricante, incluidos los aceites sint\u00e9ticos premium adicionales. Los motores funcionan m\u00e1s fr\u00edos con Royal Purple, al igual que los ensamblajes y otras piezas m\u00f3viles lubricadas con nuestra extensa l\u00ednea de lubricantes para autom\u00f3viles, marinos y otros.<\/p>\n<p>Ventajas de rendimiento<br \/>\nMEJOR PROTECCI\u00d3N CONTRA EL DESGASTE<\/p>\n<p>La tecnolog\u00eda de aditivos mejorada evita el contacto metal conqtetal m\u00e1s all\u00e1 de las especificaciones GM dexos1\u2122* e ILSAC GF-5<br \/>\nMAYOR EFICIENCIA DE COMBUSTIBLE<\/p>\n<p>Un bajo coeficiente de fricci\u00f3n da como resultado una eficiencia de combustible optimizada (la econom\u00eda de combustible de nuestro 5W-30 cumple con los requisitos de econom\u00eda de combustible de un aceite 5W-20)<br \/>\nMEJOR PROTECCI\u00d3N PARA EQUIPOS DE EMISIONES DE ESCAPE DE VEH\u00cdCULOS<\/p>\n<p>La qu\u00edmica patentada de aditivos antidesgaste minimiza los efectos nocivos que los gases de escape representan para el catalizador<br \/>\nCOMPATIBILIDAD MEJORADA CON COMBUSTIBLES QUE CONTIENEN ETANOL<\/p>\n<p>La tecnolog\u00eda de aditivos patentada evita el lodo blanco y la falta de lubricaci\u00f3n que pueden ocurrir con mezclas de gasolina y etanol de mayor concentraci\u00f3n.<br \/>\nPROTECCI\u00d3N SUPERIOR CONTRA LA CORROSI\u00d3N<\/p>\n<p>No se observ\u00f3 \u00f3xido en las pruebas est\u00e1ndar de la industria.<\/p>\n<p>Beneficios de Royal Purple 5W-30<\/p>\n<p>No se necesitan procedimientos especiales al actualizar a Royal Purple.<br \/>\nEl aceite de motor Royal Purple es totalmente compatible con aceites minerales u otros aceites sint\u00e9ticos. Royal Purple recomienda esperar hasta el primer cambio de aceite programado por el fabricante en motores de gasolina nuevos antes de actualizar a Royal Purple.<br \/>\nEl aceite de motor con licencia API de Royal Purple ofrece una protecci\u00f3n superior y mejora el rendimiento en motores de gasolina y di\u00e9sel. El aceite de motor con licencia API SN de Royal Purple cumple con los requisitos de rendimiento de ILSAC GF-5 y Dexos1 1.<br \/>\nDebido a la estabilidad a la oxidaci\u00f3n sin precedentes, tendr\u00e1 drenajes de aceite prolongados y menos cambios de aceite, lo que le ahorrar\u00e1 tiempo, dinero y reducir\u00e1 el impacto en el medio ambiente.<br \/>\nSobre todo, Royal Purple 5W-30 aumenta la potencia y el torque, ahorra combustible y reduce el calor, el desgaste y las emisiones.<\/p>\n","protected":false},"excerpt":{"rendered":"<p>El aceite de motor sint\u00e9tico de alto rendimiento Royal Purple 5W-30 es un aceite de motor SAE de servicio pesado con licencia API. Nuestro aceite combina aceites base premium con tecnolog\u00eda de aditivos patentada para crear un aceite de motor de alto rendimiento. Como resultado, optimiza el rendimiento del motor y proporciona una protecci\u00f3n superior. [&hellip;]<\/p>\n","protected":false},"featured_media":159,"comment_status":"open","ping_status":"closed","template":"","meta":[],"product_brand":[],"product_cat":[21,31,23],"product_tag":[],"class_list":{"0":"post-158","1":"product","2":"type-product","3":"status-publish","4":"has-post-thumbnail","6":"product_cat-aceites-de-motor","7":"product_cat-aceites-de-motor-comerciales","8":"product_cat-consumo","10":"first","11":"instock","12":"shipping-taxable","13":"purchasable","14":"product-type-simple"},"_links":{"self":[{"href":"https:\/\/royalpurpleguatemala.com\/index.php\/wp-json\/wp\/v2\/product\/158","targetHints":{"allow":["GET"]}}],"collection":[{"href":"https:\/\/royalpurpleguatemala.com\/index.php\/wp-json\/wp\/v2\/product"}],"about":[{"href":"https:\/\/royalpurpleguatemala.com\/index.php\/wp-json\/wp\/v2\/types\/product"}],"replies":[{"embeddable":true,"href":"https:\/\/royalpurpleguatemala.com\/index.php\/wp-json\/wp\/v2\/comments?post=158"}],"wp:featuredmedia":[{"embeddable":true,"href":"https:\/\/royalpurpleguatemala.com\/index.php\/wp-json\/wp\/v2\/media\/159"}],"wp:attachment":[{"href":"https:\/\/royalpurpleguatemala.com\/index.php\/wp-json\/wp\/v2\/media?parent=158"}],"wp:term":[{"taxonomy":"product_brand","embeddable":true,"href":"https:\/\/royalpurpleguatemala.com\/index.php\/wp-json\/wp\/v2\/product_brand?post=158"},{"taxonomy":"product_cat","embeddable":true,"href":"https:\/\/royalpurpleguatemala.com\/index.php\/wp-json\/wp\/v2\/product_cat?post=158"},{"taxonomy":"product_tag","embeddable":true,"href":"https:\/\/royalpurpleguatemala.com\/index.php\/wp-json\/wp\/v2\/product_tag?post=158"}],"curies":[{"name":"wp","href":"https:\/\/api.w.org\/{rel}","templated":true}]}}