{"id":127,"date":"2022-11-18T22:03:25","date_gmt":"2022-11-18T22:03:25","guid":{"rendered":"https:\/\/royalpurpleguatemala.com\/?post_type=product&#038;p=127"},"modified":"2025-12-01T07:06:56","modified_gmt":"2025-12-01T13:06:56","slug":"royal_purple_qt_hps_5w-30_31530","status":"publish","type":"product","link":"https:\/\/royalpurpleguatemala.com\/index.php\/producto\/royal_purple_qt_hps_5w-30_31530\/","title":{"rendered":"HPS 5W20 High Performance Street"},"content":{"rendered":"<h4>ACEITE DE MOTOR DE ALTO RENDIMIENTO (CON SYNERLEC\u00ae)<\/h4>\n<p><strong>HPS se recomienda para su uso en motores industriales estacionarios, flotas comerciales y autom\u00f3viles de gasolina y di\u00e9sel.\u00a0<\/strong>El aceite de motor Royal Purple\u00ae HPS\u00ae Series est\u00e1 espec\u00edficamente formulado para maximizar el rendimiento y satisfacer las demandas de motores modificados y de alto rendimiento.\u00a0HPS se recomienda para veh\u00edculos que ya no cuentan con la garant\u00eda del fabricante y para aquellos que buscan un mayor nivel de rendimiento y protecci\u00f3n.\u00a0Los aceites Royal Purple HPS est\u00e1n fortificados con un alto nivel de aditivo antidesgaste de zinc\/f\u00f3sforo y una generosa dosis de la tecnolog\u00eda de aditivos Synerlec\u00ae patentada de Royal Purple.\u00a0Estas formulaciones \u00fanicas permiten que los aceites HPS superen a los principales lubricantes sint\u00e9ticos y convencionales tanto en motores de gasolina como di\u00e9sel.<\/p>\n<h4>VENTAJAS DE RENDIMIENTO<\/h4>\n<ul>\n<li>Resistencia de pel\u00edcula excepcionalmente alta para reducciones dram\u00e1ticas en el desgaste del motor y reducci\u00f3n del calor del motor para prolongar la vida \u00fatil de su motor<\/li>\n<li>El sellado mejorado entre el anillo del pist\u00f3n y la pared del cilindro maximiza la potencia y el torque y optimiza la econom\u00eda de combustible<\/li>\n<li>La excepcional estabilidad a la oxidaci\u00f3n prolonga la vida \u00fatil del aceite y permite recorrer m\u00e1s millas entre cambios de aceite, lo que le permite ahorrar tiempo y dinero.<\/li>\n<li>La solvencia sint\u00e9tica avanzada reduce los dep\u00f3sitos del motor y mantiene los motores limpios<\/li>\n<li>Excelente protecci\u00f3n contra el desgaste para los componentes del tren de v\u00e1lvulas, incluido el elevador de rodillos de rendimiento y los \u00e1rboles de levas y elevadores de taqu\u00e9s planos de alta elevaci\u00f3n<\/li>\n<li>Protecci\u00f3n superior contra la corrosi\u00f3n<\/li>\n<\/ul>\n","protected":false},"excerpt":{"rendered":"<p>ACEITE DE MOTOR DE ALTO RENDIMIENTO (CON SYNERLEC\u00ae) HPS se recomienda para su uso en motores industriales estacionarios, flotas comerciales y autom\u00f3viles de gasolina y di\u00e9sel.\u00a0El aceite de motor Royal Purple\u00ae HPS\u00ae Series est\u00e1 espec\u00edficamente formulado para maximizar el rendimiento y satisfacer las demandas de motores modificados y de alto rendimiento.\u00a0HPS se recomienda para veh\u00edculos [&hellip;]<\/p>\n","protected":false},"featured_media":152,"comment_status":"open","ping_status":"closed","template":"","meta":[],"product_brand":[],"product_cat":[21,23],"product_tag":[],"class_list":{"0":"post-127","1":"product","2":"type-product","3":"status-publish","4":"has-post-thumbnail","6":"product_cat-aceites-de-motor","7":"product_cat-consumo","9":"first","10":"instock","11":"shipping-taxable","12":"purchasable","13":"product-type-simple"},"_links":{"self":[{"href":"https:\/\/royalpurpleguatemala.com\/index.php\/wp-json\/wp\/v2\/product\/127","targetHints":{"allow":["GET"]}}],"collection":[{"href":"https:\/\/royalpurpleguatemala.com\/index.php\/wp-json\/wp\/v2\/product"}],"about":[{"href":"https:\/\/royalpurpleguatemala.com\/index.php\/wp-json\/wp\/v2\/types\/product"}],"replies":[{"embeddable":true,"href":"https:\/\/royalpurpleguatemala.com\/index.php\/wp-json\/wp\/v2\/comments?post=127"}],"wp:featuredmedia":[{"embeddable":true,"href":"https:\/\/royalpurpleguatemala.com\/index.php\/wp-json\/wp\/v2\/media\/152"}],"wp:attachment":[{"href":"https:\/\/royalpurpleguatemala.com\/index.php\/wp-json\/wp\/v2\/media?parent=127"}],"wp:term":[{"taxonomy":"product_brand","embeddable":true,"href":"https:\/\/royalpurpleguatemala.com\/index.php\/wp-json\/wp\/v2\/product_brand?post=127"},{"taxonomy":"product_cat","embeddable":true,"href":"https:\/\/royalpurpleguatemala.com\/index.php\/wp-json\/wp\/v2\/product_cat?post=127"},{"taxonomy":"product_tag","embeddable":true,"href":"https:\/\/royalpurpleguatemala.com\/index.php\/wp-json\/wp\/v2\/product_tag?post=127"}],"curies":[{"name":"wp","href":"https:\/\/api.w.org\/{rel}","templated":true}]}}