{"id":118,"date":"2022-11-18T21:54:23","date_gmt":"2022-11-18T21:54:23","guid":{"rendered":"https:\/\/royalpurpleguatemala.com\/?post_type=product&#038;p=118"},"modified":"2025-12-01T07:06:56","modified_gmt":"2025-12-01T13:06:56","slug":"max-atomizer","status":"publish","type":"product","link":"https:\/\/royalpurpleguatemala.com\/index.php\/producto\/max-atomizer\/","title":{"rendered":"MAX ATOMIZER FUEL INJECTOR CLEANER"},"content":{"rendered":"<p>Royal Purple\u00ae Max-Atomizer\u2122 es un limpiador de inyectores de combustible altamente concentrado y de alto rendimiento.\u00a0Est\u00e1 especialmente formulado para resolver los problemas de los motores de inyecci\u00f3n directa actuales, pero se puede utilizar con cualquier tipo de inyecci\u00f3n de combustible.\u00a0Max-Atomizer contiene detergentes de poli\u00e9ter amina (PEA) altamente concentrados que limpian r\u00e1pidamente los inyectores obstruidos y coquizados para restaurar el flujo m\u00e1ximo del inyector.\u00a0Esto optimiza los patrones de rociado del inyector y atomiza mejor el combustible cuando ingresa a la c\u00e1mara de combusti\u00f3n.\u00a0El resultado es una econom\u00eda de combustible mejorada, potencia y rendimiento mejorados, emisiones reducidas, ralent\u00ed m\u00e1s suave y arranques m\u00e1s r\u00e1pidos y f\u00e1ciles.\u00a0Max-Atomizer es el \u00fanico limpiador de inyectores de combustible que tambi\u00e9n estabiliza el etanol, que se descompone qu\u00edmicamente y causa efectos nocivos en el motor.<\/p>\n<div><\/div>\n<h4>VENTAJAS DE RENDIMIENTO<\/h4>\n<ul>\n<li>Restaura la econom\u00eda de combustible<\/li>\n<li>Estabiliza el etanol<\/li>\n<li>Maximiza la potencia<\/li>\n<li>Mejora la capacidad de respuesta<\/li>\n<li>Para uso en motores de gasolina y di\u00e9sel.<\/li>\n<li>Recomendado para todas las mezclas de etanol<\/li>\n<li>No da\u00f1ar\u00e1 el equipo de emisiones del veh\u00edculo.<\/li>\n<li>Cumple con EPA\/CARB<\/li>\n<\/ul>\n<div><\/div>\n<h4>TASA DE TRATAMIENTO RECOMENDADA<\/h4>\n<p>Vierta todo el contenido de la botella en el tanque casi vac\u00edo inmediatamente antes de repostar, luego instale el combustible encima del aditivo.\u00a0La dosis m\u00ednima recomendada es una (1) botella de 6 oz.\u00a0botella a 20 galones de combustible.\u00a0La dosis m\u00e1xima efectiva es una (1) botella de 6 oz.\u00a0botella a 10 galones de combustible.<\/p>\n<div><\/div>\n<h4>USO RECOMENDADO<\/h4>\n<p>Para obtener los mejores resultados, util\u00edcelo en cada llenado. El uso m\u00ednimo recomendado es cada 3000 millas.<\/p>\n","protected":false},"excerpt":{"rendered":"<p>Royal Purple\u00ae Max-Atomizer\u2122 es un limpiador de inyectores de combustible altamente concentrado y de alto rendimiento.\u00a0Est\u00e1 especialmente formulado para resolver los problemas de los motores de inyecci\u00f3n directa actuales, pero se puede utilizar con cualquier tipo de inyecci\u00f3n de combustible.\u00a0Max-Atomizer contiene detergentes de poli\u00e9ter amina (PEA) altamente concentrados que limpian r\u00e1pidamente los inyectores obstruidos y [&hellip;]<\/p>\n","protected":false},"featured_media":119,"comment_status":"open","ping_status":"closed","template":"","meta":[],"product_brand":[],"product_cat":[27,23],"product_tag":[],"class_list":{"0":"post-118","1":"product","2":"type-product","3":"status-publish","4":"has-post-thumbnail","6":"product_cat-aditivos-de-rendimiento","7":"product_cat-consumo","9":"first","10":"instock","11":"shipping-taxable","12":"purchasable","13":"product-type-simple"},"_links":{"self":[{"href":"https:\/\/royalpurpleguatemala.com\/index.php\/wp-json\/wp\/v2\/product\/118","targetHints":{"allow":["GET"]}}],"collection":[{"href":"https:\/\/royalpurpleguatemala.com\/index.php\/wp-json\/wp\/v2\/product"}],"about":[{"href":"https:\/\/royalpurpleguatemala.com\/index.php\/wp-json\/wp\/v2\/types\/product"}],"replies":[{"embeddable":true,"href":"https:\/\/royalpurpleguatemala.com\/index.php\/wp-json\/wp\/v2\/comments?post=118"}],"wp:featuredmedia":[{"embeddable":true,"href":"https:\/\/royalpurpleguatemala.com\/index.php\/wp-json\/wp\/v2\/media\/119"}],"wp:attachment":[{"href":"https:\/\/royalpurpleguatemala.com\/index.php\/wp-json\/wp\/v2\/media?parent=118"}],"wp:term":[{"taxonomy":"product_brand","embeddable":true,"href":"https:\/\/royalpurpleguatemala.com\/index.php\/wp-json\/wp\/v2\/product_brand?post=118"},{"taxonomy":"product_cat","embeddable":true,"href":"https:\/\/royalpurpleguatemala.com\/index.php\/wp-json\/wp\/v2\/product_cat?post=118"},{"taxonomy":"product_tag","embeddable":true,"href":"https:\/\/royalpurpleguatemala.com\/index.php\/wp-json\/wp\/v2\/product_tag?post=118"}],"curies":[{"name":"wp","href":"https:\/\/api.w.org\/{rel}","templated":true}]}}