{"id":116,"date":"2022-11-18T21:52:08","date_gmt":"2022-11-18T21:52:08","guid":{"rendered":"https:\/\/royalpurpleguatemala.com\/?post_type=product&#038;p=116"},"modified":"2025-12-01T07:06:57","modified_gmt":"2025-12-01T13:06:57","slug":"max-tane","status":"publish","type":"product","link":"https:\/\/royalpurpleguatemala.com\/index.php\/producto\/max-tane\/","title":{"rendered":"MAX-TANE DIESEL FUEL INJECTION CLEANER"},"content":{"rendered":"<div class=\"sections_group\">\n<div class=\"entry-content\">\n<div class=\"section section_product_before_tabs\">\n<div class=\"section_wrapper clearfix\">\n<div id=\"product-2520\" class=\"style-wide tabs no-share product type-product post-2520 status-publish first instock product_cat-commercial product_cat-consumer product_cat-diesel-fuel-optimizers product_cat-performance-additives has-post-thumbnail shipping-taxable product-type-simple\">\n<div class=\"jq-tabs tabs_wrapper ui-tabs ui-corner-all ui-widget ui-widget-content\">\n<div id=\"tab-description\" class=\"ui-tabs-panel ui-corner-bottom ui-widget-content\" role=\"tabpanel\" aria-labelledby=\"ui-id-1\" aria-hidden=\"false\">\n<div class=\"section the_content has_content\">\n<div class=\"section_wrapper\">\n<div class=\"the_content_wrapper \">\n<p>Royal Purple\u00ae Max-Tane\u00ae est\u00e1 formulado para uso durante todo el a\u00f1o en todo tipo de motores di\u00e9sel de trabajo liviano, mediano y pesado, y es compatible con cualquier tipo o grado de combustible di\u00e9sel, incluido el di\u00e9sel n.\u00ba 1 y el di\u00e9sel n.\u00ba 2, biodi\u00e9sel y Di\u00e9sel ultrabajo en azufre (ULSD).\u00a0Max-Tane est\u00e1 espec\u00edficamente formulado para resolver los problemas asociados con los nuevos sistemas de inyecci\u00f3n di\u00e9sel HPCR (High Pressure Common Rail) de hoy en d\u00eda.\u00a0Seguro para usar con todo tipo de equipos de sistemas de emisi\u00f3n de gases de escape di\u00e9sel, incluidos filtros de part\u00edculas di\u00e9sel (DPF) y convertidores catal\u00edticos.\u00a0No vierta en l\u00edquido de escape di\u00e9sel.<\/p>\n<h4>VENTAJAS DE RENDIMIENTO<\/h4>\n<ul>\n<li>Aumenta el n\u00famero de cetano hasta en 8*<\/li>\n<li>Aumenta la econom\u00eda de combustible hasta en un 10%<\/li>\n<li>Mejora el arranque del motor y la confiabilidad en temperaturas c\u00e1lidas y fr\u00edas<\/li>\n<li>Mejora el flujo de fr\u00edo al evitar la gelificaci\u00f3n.<\/li>\n<li>Limpia dep\u00f3sitos de inyectores de combustible, c\u00e1maras de combusti\u00f3n, v\u00e1lvulas de admisi\u00f3n y coronas de pistones.<\/li>\n<li>Proporciona lubricidad a todo el sistema de combustible.<\/li>\n<li>Reduce el humo y el olor* Cuando se usa seg\u00fan las indicaciones.<\/li>\n<\/ul>\n<h4>TASA DE TRATAMIENTO RECOMENDADA<\/h4>\n<p>La dosis m\u00ednima recomendada es una (1) onza por cada cinco (5) galones de combustible diesel.\u00a0Las aplicaciones de alto rendimiento pueden usar de manera segura una (1) onza por dos (2) galones de combustible diesel para obtener el m\u00e1ximo beneficio.\u00a0Si no est\u00e1 seguro del tama\u00f1o exacto del tanque, redondee hacia arriba.\u00a0Vuelva a colocar la tapa despu\u00e9s de vaciar la botella y des\u00e9chela adecuadamente.\u00a020 onzas \u2013 100 galones 15 onzas \u2013 75 galones 10 onzas \u2013 50 galones 5 onzas \u2013 25 galones<\/p>\n<\/div>\n<\/div>\n<\/div>\n<\/div>\n<\/div>\n<\/div>\n<\/div>\n<\/div>\n<div class=\"section woocommerce_after_main_content\">\n<div class=\"section_wrapper\">\n<div class=\"column column-margin-0px one\"><\/div>\n<\/div>\n<\/div>\n<\/div>\n<\/div>\n<div class=\"mcb-sidebar sidebar sidebar-1 four columns has-lines style-simple\" role=\"complementary\" aria-label=\"barra lateral principal\">\n<div class=\"widget-area\">\n<div class=\"inner-wrapper-sticky clearfix\"><\/div>\n<\/div>\n<\/div>\n","protected":false},"excerpt":{"rendered":"<p>Royal Purple\u00ae Max-Tane\u00ae est\u00e1 formulado para uso durante todo el a\u00f1o en todo tipo de motores di\u00e9sel de trabajo liviano, mediano y pesado, y es compatible con cualquier tipo o grado de combustible di\u00e9sel, incluido el di\u00e9sel n.\u00ba 1 y el di\u00e9sel n.\u00ba 2, biodi\u00e9sel y Di\u00e9sel ultrabajo en azufre (ULSD).\u00a0Max-Tane est\u00e1 espec\u00edficamente formulado para [&hellip;]<\/p>\n","protected":false},"featured_media":117,"comment_status":"open","ping_status":"closed","template":"","meta":[],"product_brand":[],"product_cat":[29,23,30],"product_tag":[],"class_list":{"0":"post-116","1":"product","2":"type-product","3":"status-publish","4":"has-post-thumbnail","6":"product_cat-comercial","7":"product_cat-consumo","8":"product_cat-optimizadores-de-combustible-diesel","10":"first","11":"instock","12":"shipping-taxable","13":"purchasable","14":"product-type-simple"},"_links":{"self":[{"href":"https:\/\/royalpurpleguatemala.com\/index.php\/wp-json\/wp\/v2\/product\/116","targetHints":{"allow":["GET"]}}],"collection":[{"href":"https:\/\/royalpurpleguatemala.com\/index.php\/wp-json\/wp\/v2\/product"}],"about":[{"href":"https:\/\/royalpurpleguatemala.com\/index.php\/wp-json\/wp\/v2\/types\/product"}],"replies":[{"embeddable":true,"href":"https:\/\/royalpurpleguatemala.com\/index.php\/wp-json\/wp\/v2\/comments?post=116"}],"wp:featuredmedia":[{"embeddable":true,"href":"https:\/\/royalpurpleguatemala.com\/index.php\/wp-json\/wp\/v2\/media\/117"}],"wp:attachment":[{"href":"https:\/\/royalpurpleguatemala.com\/index.php\/wp-json\/wp\/v2\/media?parent=116"}],"wp:term":[{"taxonomy":"product_brand","embeddable":true,"href":"https:\/\/royalpurpleguatemala.com\/index.php\/wp-json\/wp\/v2\/product_brand?post=116"},{"taxonomy":"product_cat","embeddable":true,"href":"https:\/\/royalpurpleguatemala.com\/index.php\/wp-json\/wp\/v2\/product_cat?post=116"},{"taxonomy":"product_tag","embeddable":true,"href":"https:\/\/royalpurpleguatemala.com\/index.php\/wp-json\/wp\/v2\/product_tag?post=116"}],"curies":[{"name":"wp","href":"https:\/\/api.w.org\/{rel}","templated":true}]}}